{"id":6,"date":"2016-06-29T14:58:55","date_gmt":"2016-06-29T13:58:55","guid":{"rendered":"http:\/\/xabi-massages.fr\/?page_id=6"},"modified":"2026-04-24T09:08:01","modified_gmt":"2026-04-24T08:08:01","slug":"tarifs","status":"publish","type":"page","link":"https:\/\/xabi-massages.fr\/index.php\/tarifs\/","title":{"rendered":"TARIFS MASSAGES 2026"},"content":{"rendered":"\n<p>Toutes les s\u00e9ances de massages se font:<b> <\/b><\/p>\n\n\n\n<ul class=\"wp-block-list\">\n<li>\u00c0 votre <strong>DOMICILE<\/strong><\/li>\n\n\n\n<li>Dans des lieux ext\u00e9rieurs:&nbsp; <strong>Le Relais de la Poste<\/strong> \u00e0 Magescq \/ <strong>Le COCOBARN WOOD LODGE<\/strong> \u00e0 Angresse<\/li>\n\n\n\n<li>Sur vos <strong>lieux de locations<\/strong><\/li>\n\n\n\n<li>En <strong>ENTREPRISES<\/strong> et <strong>SALONS<\/strong><em> (pour le Massage Assis) <\/em><\/li>\n<\/ul>\n\n\n\n<p><strong>Les tarifs sont \u00e9tablis suivant la dur\u00e9e de la prestation.<\/strong><\/p>\n\n\n\n<hr class=\"wp-block-separator has-alpha-channel-opacity\"\/>\n\n\n\n<p style=\"font-size:25px\"><strong>Le Massage D\u00c9TRICOTAGE <\/strong>:<\/p>\n\n\n\n<ul class=\"wp-block-list\">\n<li><strong>2h = 120 \u20ac<\/strong><\/li>\n\n\n\n<li><b>1h30 =<\/b> <strong>95 \u20ac<\/strong><\/li>\n\n\n\n<li><strong>1h = 70 \u20ac<\/strong><\/li>\n\n\n\n<li><strong>30 min<\/strong> <strong>= 40 \u20ac<\/strong><\/li>\n<\/ul>\n\n\n\n<p><em>J&rsquo;adapte ainsi le massage suivant les besoins et les souhaits de la personne.<\/em><strong><br><\/strong><\/p>\n\n\n\n<hr class=\"wp-block-separator has-alpha-channel-opacity\"\/>\n\n\n\n<p style=\"font-size:25px\"><b>Le Massage AYURV\u00c9DIQUE :<\/b><\/p>\n\n\n\n<p><strong>1h30 = 95 \u20ac<\/strong><\/p>\n\n\n\n<hr class=\"wp-block-separator has-alpha-channel-opacity\"\/>\n\n\n\n<p style=\"font-size:25px\"><b>Le Massage R\u00c9FLEXOLOGIE&nbsp;PLANTAIRE THA\u00cf&nbsp;:<\/b><\/p>\n\n\n\n<p><strong>1h<\/strong> <strong>= 70 \u20ac<\/strong><\/p>\n\n\n\n<hr class=\"wp-block-separator has-alpha-channel-opacity\"\/>\n\n\n\n<p style=\"font-size:25px\"><strong>Le Massage MINCEUR ( ou Palper-Rouler) :<\/strong><\/p>\n\n\n\n<p><em>Protocoles de <strong>massages de 1h<\/strong><\/em><\/p>\n\n\n\n<ul class=\"wp-block-list\">\n<li>Protocole de <strong>6 massages<\/strong> sur 2 \u00e0 3 semaines&nbsp; <strong>= 360 \u20ac<\/strong> ( soit 60\u20ac\/h)<\/li>\n\n\n\n<li>Protocole de <strong>10 massages<\/strong> sur 4 \u00e0 5 semaines <strong>= 550 \u20ac<\/strong> ( soit 55\u20ac\/h)<\/li>\n<\/ul>\n\n\n\n<p><\/p>\n\n\n\n<p><em>Protocoles de <strong>massages de 30 min<\/strong> peuvent \u00eatre propos\u00e9s<\/em>. Nous axons le travail sur une zone.<\/p>\n\n\n\n<ul class=\"wp-block-list\">\n<li>Protocole de <strong>6 massages<\/strong> sur 2 \u00e0 3 semaines&nbsp; <strong>= 204 \u20ac<\/strong> ( soit 34\u20ac \/ 30min)<\/li>\n\n\n\n<li>Protocole de <strong>10 massages<\/strong> sur 4 \u00e0 5 semaines <strong>= 320 \u20ac<\/strong> ( soit 32\u20ac \/ 30min)<\/li>\n<\/ul>\n\n\n\n<p>Le choix du protocole peut bien \u00e9videmment \u00e9voluer et le prix final correspondra au protocole effectu\u00e9. <\/p>\n\n\n\n<hr class=\"wp-block-separator has-alpha-channel-opacity\"\/>\n\n\n\n<p style=\"font-size:25px\"><strong>Le Massage ASSIS (ou Amma Assis) :<\/strong><\/p>\n\n\n\n<ul class=\"wp-block-list\">\n<li><strong>15 \u00e0 20 min<\/strong> <strong>= 20 \u20ac<\/strong><\/li>\n<\/ul>\n\n\n\n<hr class=\"wp-block-separator has-alpha-channel-opacity\"\/>\n\n\n\n<p>Possibilit\u00e9 de r\u00e9aliser des <strong>factures<\/strong><\/p>\n\n\n\n<hr class=\"wp-block-separator has-alpha-channel-opacity\"\/>\n\n\n\n<p>\u00c0 ces tarifs s&rsquo;ajoutent des <strong>frais de d\u00e9placements. <\/strong>Ils sont calcul\u00e9s \u00e0 partir d&rsquo;un rayon de 15 km au del\u00e0 de mon domicile situ\u00e9 \u00e0 LINXE.<\/p>\n\n\n\n<p>Soit <strong>0,40 \u20ac \/ km<\/strong>\u00a0(aller et retour) \u00e0 partir de 15 km de mon domicile.<\/p>\n\n\n\n<p><\/p>\n","protected":false},"excerpt":{"rendered":"<p>Toutes les s\u00e9ances de massages se font: Les tarifs sont \u00e9tablis suivant la dur\u00e9e de la prestation. Le Massage D\u00c9TRICOTAGE : J&rsquo;adapte ainsi le massage suivant les besoins et les souhaits de la personne. Le Massage AYURV\u00c9DIQUE : 1h30 = 95 \u20ac Le Massage R\u00c9FLEXOLOGIE&nbsp;PLANTAIRE THA\u00cf&nbsp;: 1h = 70 \u20ac Le Massage MINCEUR ( ou&hellip;<\/p>\n","protected":false},"author":1,"featured_media":0,"parent":0,"menu_order":3,"comment_status":"closed","ping_status":"closed","template":"","meta":{"footnotes":""},"class_list":["post-6","page","type-page","status-publish","hentry"],"_links":{"self":[{"href":"https:\/\/xabi-massages.fr\/index.php\/wp-json\/wp\/v2\/pages\/6","targetHints":{"allow":["GET"]}}],"collection":[{"href":"https:\/\/xabi-massages.fr\/index.php\/wp-json\/wp\/v2\/pages"}],"about":[{"href":"https:\/\/xabi-massages.fr\/index.php\/wp-json\/wp\/v2\/types\/page"}],"author":[{"embeddable":true,"href":"https:\/\/xabi-massages.fr\/index.php\/wp-json\/wp\/v2\/users\/1"}],"replies":[{"embeddable":true,"href":"https:\/\/xabi-massages.fr\/index.php\/wp-json\/wp\/v2\/comments?post=6"}],"version-history":[{"count":56,"href":"https:\/\/xabi-massages.fr\/index.php\/wp-json\/wp\/v2\/pages\/6\/revisions"}],"predecessor-version":[{"id":522,"href":"https:\/\/xabi-massages.fr\/index.php\/wp-json\/wp\/v2\/pages\/6\/revisions\/522"}],"wp:attachment":[{"href":"https:\/\/xabi-massages.fr\/index.php\/wp-json\/wp\/v2\/media?parent=6"}],"curies":[{"name":"wp","href":"https:\/\/api.w.org\/{rel}","templated":true}]}}