{"id":415,"date":"2025-12-18T16:20:19","date_gmt":"2025-12-18T15:20:19","guid":{"rendered":"https:\/\/xabi-massages.fr\/?post_type=product&#038;p=415"},"modified":"2026-01-01T01:50:02","modified_gmt":"2026-01-01T00:50:02","slug":"massage-ayurvedique-1h30","status":"publish","type":"product","link":"https:\/\/xabi-massages.fr\/index.php\/produit\/massage-ayurvedique-1h30\/","title":{"rendered":"Massage Ayurv\u00e9dique &#8211; 1h30"},"content":{"rendered":"<p><strong data-start=\"47\" data-end=\"70\">Massage Ayurv\u00e9dique<\/strong> : un massage d\u00e9tente, enveloppant, aux mouvements amples et principalement en effleurages, reconnu pour favoriser la circulation \u00e9nerg\u00e9tique. Originaire du sud de l\u2019Inde, il se pratique <strong data-start=\"257\" data-end=\"277\">\u00e0 l\u2019huile chaude<\/strong> sur l\u2019ensemble du corps, avec une pression modulable (plut\u00f4t douce \u00e0 mod\u00e9r\u00e9e). R\u00e9alis\u00e9 sur table, en sous-v\u00eatements\/maillot, le corps reste couvert hors zone mass\u00e9e. Massage complet <strong data-start=\"460\" data-end=\"489\">des pieds au cuir chevelu<\/strong>, alternant effleurages, p\u00e9trissages doux, mobilisations articulaires, \u00e9tirements et mouvements de r\u00e9unification pour une d\u00e9tente profonde.<\/p>\n<p>&nbsp;<\/p>\n<p>&#x1f449; Vous trouverez plus de d\u00e9tails sur ce massage ici :\u00a0 <a href=\"https:\/\/xabi-massages.fr\/index.php\/les-massages\/\">LES MASSAGES<\/a><\/p>\n","protected":false},"excerpt":{"rendered":"<p>Massage Ayurv\u00e9dique : un massage d\u00e9tente, enveloppant, aux mouvements amples et principalement en effleurages, reconnu pour favoriser la circulation \u00e9nerg\u00e9tique. Originaire du sud de l\u2019Inde, il se pratique \u00e0 l\u2019huile chaude sur l\u2019ensemble du corps, avec une pression modulable (plut\u00f4t douce \u00e0 mod\u00e9r\u00e9e). R\u00e9alis\u00e9 sur table, en sous-v\u00eatements\/maillot, le corps reste couvert hors zone mass\u00e9e.&hellip;<\/p>\n","protected":false},"featured_media":386,"comment_status":"open","ping_status":"closed","template":"","meta":[],"product_brand":[],"product_cat":[19],"product_tag":[],"class_list":{"0":"post-415","1":"product","2":"type-product","3":"status-publish","4":"has-post-thumbnail","6":"product_cat-ayuvedique","8":"first","9":"instock","10":"virtual","11":"sold-individually","12":"purchasable","13":"product-type-simple"},"_links":{"self":[{"href":"https:\/\/xabi-massages.fr\/index.php\/wp-json\/wp\/v2\/product\/415","targetHints":{"allow":["GET"]}}],"collection":[{"href":"https:\/\/xabi-massages.fr\/index.php\/wp-json\/wp\/v2\/product"}],"about":[{"href":"https:\/\/xabi-massages.fr\/index.php\/wp-json\/wp\/v2\/types\/product"}],"replies":[{"embeddable":true,"href":"https:\/\/xabi-massages.fr\/index.php\/wp-json\/wp\/v2\/comments?post=415"}],"wp:featuredmedia":[{"embeddable":true,"href":"https:\/\/xabi-massages.fr\/index.php\/wp-json\/wp\/v2\/media\/386"}],"wp:attachment":[{"href":"https:\/\/xabi-massages.fr\/index.php\/wp-json\/wp\/v2\/media?parent=415"}],"wp:term":[{"taxonomy":"product_brand","embeddable":true,"href":"https:\/\/xabi-massages.fr\/index.php\/wp-json\/wp\/v2\/product_brand?post=415"},{"taxonomy":"product_cat","embeddable":true,"href":"https:\/\/xabi-massages.fr\/index.php\/wp-json\/wp\/v2\/product_cat?post=415"},{"taxonomy":"product_tag","embeddable":true,"href":"https:\/\/xabi-massages.fr\/index.php\/wp-json\/wp\/v2\/product_tag?post=415"}],"curies":[{"name":"wp","href":"https:\/\/api.w.org\/{rel}","templated":true}]}}