{"id":418,"date":"2025-12-18T16:42:02","date_gmt":"2025-12-18T15:42:02","guid":{"rendered":"https:\/\/xabi-massages.fr\/?post_type=product&#038;p=418"},"modified":"2026-01-01T01:50:02","modified_gmt":"2026-01-01T00:50:02","slug":"massage-minceur-ou-palper-rouler-10-x-1h-sur-4-a-5-semaine-copie","status":"publish","type":"product","link":"https:\/\/xabi-massages.fr\/index.php\/produit\/massage-minceur-ou-palper-rouler-10-x-1h-sur-4-a-5-semaine-copie\/","title":{"rendered":"Massage Minceur (ou Palper-Rouler) &#8211; 10 x 1h"},"content":{"rendered":"<p><strong data-start=\"47\" data-end=\"100\">Massage Minceur &amp; Drainant (palper-rouler manuel)<\/strong> : un massage tonique cibl\u00e9 qui favorise le drainage lymphatique, aide \u00e0 r\u00e9duire la r\u00e9tention d\u2019eau et am\u00e9liore l\u2019aspect <strong data-start=\"221\" data-end=\"249\">capitons \/ peau d\u2019orange<\/strong>. Il combine p\u00e9trissages puissants et palper-rouler, principalement sur <strong data-start=\"321\" data-end=\"386\">cuisses (int.\/ext.), fesses, ventre, hanches et haut des bras<\/strong>.<\/p>\n<p>R\u00e9sultats souvent visibles d\u00e8s quelques s\u00e9ances : peau plus lisse\/raffermie et diminution progressive en centim\u00e8tres, surtout avec une bonne hydratation et une hygi\u00e8ne de vie adapt\u00e9e.<\/p>\n<p>&#x1f4a7; <strong data-start=\"1198\" data-end=\"1209\">Conseil<\/strong> : bien s\u2019hydrater apr\u00e8s la s\u00e9ance pour soutenir l\u2019\u00e9limination.<\/p>\n<p>&#x1f449; Vous trouverez plus de d\u00e9tails sur ce massage ici :\u00a0 <a href=\"https:\/\/xabi-massages.fr\/index.php\/les-massages\/\">LES MASSAGES<\/a><\/p>\n","protected":false},"excerpt":{"rendered":"<p>Massage Minceur &amp; Drainant (palper-rouler manuel) : un massage tonique cibl\u00e9 qui favorise le drainage lymphatique, aide \u00e0 r\u00e9duire la r\u00e9tention d\u2019eau et am\u00e9liore l\u2019aspect capitons \/ peau d\u2019orange. Il combine p\u00e9trissages puissants et palper-rouler, principalement sur cuisses (int.\/ext.), fesses, ventre, hanches et haut des bras. R\u00e9sultats souvent visibles d\u00e8s quelques s\u00e9ances : peau plus&hellip;<\/p>\n","protected":false},"featured_media":386,"comment_status":"open","ping_status":"closed","template":"","meta":[],"product_brand":[],"product_cat":[22],"product_tag":[],"class_list":{"0":"post-418","1":"product","2":"type-product","3":"status-publish","4":"has-post-thumbnail","6":"product_cat-minceur","8":"first","9":"instock","10":"virtual","11":"sold-individually","12":"purchasable","13":"product-type-simple"},"_links":{"self":[{"href":"https:\/\/xabi-massages.fr\/index.php\/wp-json\/wp\/v2\/product\/418","targetHints":{"allow":["GET"]}}],"collection":[{"href":"https:\/\/xabi-massages.fr\/index.php\/wp-json\/wp\/v2\/product"}],"about":[{"href":"https:\/\/xabi-massages.fr\/index.php\/wp-json\/wp\/v2\/types\/product"}],"replies":[{"embeddable":true,"href":"https:\/\/xabi-massages.fr\/index.php\/wp-json\/wp\/v2\/comments?post=418"}],"wp:featuredmedia":[{"embeddable":true,"href":"https:\/\/xabi-massages.fr\/index.php\/wp-json\/wp\/v2\/media\/386"}],"wp:attachment":[{"href":"https:\/\/xabi-massages.fr\/index.php\/wp-json\/wp\/v2\/media?parent=418"}],"wp:term":[{"taxonomy":"product_brand","embeddable":true,"href":"https:\/\/xabi-massages.fr\/index.php\/wp-json\/wp\/v2\/product_brand?post=418"},{"taxonomy":"product_cat","embeddable":true,"href":"https:\/\/xabi-massages.fr\/index.php\/wp-json\/wp\/v2\/product_cat?post=418"},{"taxonomy":"product_tag","embeddable":true,"href":"https:\/\/xabi-massages.fr\/index.php\/wp-json\/wp\/v2\/product_tag?post=418"}],"curies":[{"name":"wp","href":"https:\/\/api.w.org\/{rel}","templated":true}]}}